{"id":10,"date":"2020-04-18T18:42:31","date_gmt":"2020-04-18T16:42:31","guid":{"rendered":"http:\/\/wp.teteenlair.eu\/?page_id=10"},"modified":"2021-08-28T13:05:03","modified_gmt":"2021-08-28T11:05:03","slug":"accueil","status":"publish","type":"page","link":"https:\/\/wp.teteenlair.eu\/","title":{"rendered":"T\u00eat&rsquo;en l&rsquo;air"},"content":{"rendered":"\n<blockquote class=\"wp-block-quote is-style-large\"><p>&#8230;une \u00e9motion l\u00e9g\u00e8re, comme un soleil radieux, dans le ciel de ma fen\u00eatre ouverte&#8230;<\/p><cite>Jacques Higelin<\/cite><\/blockquote>\n\n\n\n<hr class=\"wp-block-separator\"\/>\n\n\n\n<p>Depuis 2007, sous la direction de Norbert Parmentier, les choristes s\u2019approprient les rythmes et les couleurs des chansons du r\u00e9pertoire fran\u00e7ais, essentiellement.<\/p>\n\n\n\n<p>L\u2019accompagnement musical et gestuel anime les chants pour donner forme au spectacle.<\/p>\n","protected":false},"excerpt":{"rendered":"<p>&#8230;une \u00e9motion l\u00e9g\u00e8re, comme un soleil radieux, dans le ciel de ma fen\u00eatre ouverte&#8230; Jacques Higelin Depuis 2007, sous la direction de Norbert Parmentier, les choristes s\u2019approprient les rythmes et les couleurs des chansons du r\u00e9pertoire fran\u00e7ais, essentiellement. L\u2019accompagnement musical et gestuel anime les chants pour donner forme au spectacle.<\/p>\n","protected":false},"author":1,"featured_media":0,"parent":0,"menu_order":0,"comment_status":"closed","ping_status":"closed","template":"","meta":[],"_links":{"self":[{"href":"https:\/\/wp.teteenlair.eu\/index.php\/wp-json\/wp\/v2\/pages\/10"}],"collection":[{"href":"https:\/\/wp.teteenlair.eu\/index.php\/wp-json\/wp\/v2\/pages"}],"about":[{"href":"https:\/\/wp.teteenlair.eu\/index.php\/wp-json\/wp\/v2\/types\/page"}],"author":[{"embeddable":true,"href":"https:\/\/wp.teteenlair.eu\/index.php\/wp-json\/wp\/v2\/users\/1"}],"replies":[{"embeddable":true,"href":"https:\/\/wp.teteenlair.eu\/index.php\/wp-json\/wp\/v2\/comments?post=10"}],"version-history":[{"count":18,"href":"https:\/\/wp.teteenlair.eu\/index.php\/wp-json\/wp\/v2\/pages\/10\/revisions"}],"predecessor-version":[{"id":413,"href":"https:\/\/wp.teteenlair.eu\/index.php\/wp-json\/wp\/v2\/pages\/10\/revisions\/413"}],"wp:attachment":[{"href":"https:\/\/wp.teteenlair.eu\/index.php\/wp-json\/wp\/v2\/media?parent=10"}],"curies":[{"name":"wp","href":"https:\/\/api.w.org\/{rel}","templated":true}]}}