{"id":44,"date":"2020-04-18T21:03:48","date_gmt":"2020-04-18T19:03:48","guid":{"rendered":"http:\/\/wp.teteenlair.eu\/?page_id=44"},"modified":"2020-04-29T17:16:42","modified_gmt":"2020-04-29T15:16:42","slug":"qui-sommes-nous","status":"publish","type":"page","link":"https:\/\/wp.teteenlair.eu\/index.php\/qui-sommes-nous\/","title":{"rendered":"Le groupe"},"content":{"rendered":"\n<div class=\"wp-block-media-text alignwide is-stacked-on-mobile is-vertically-aligned-center is-image-fill\"><figure class=\"wp-block-media-text__media\" style=\"background-image:url(http:\/\/wp.teteenlair.eu\/wp-content\/uploads\/2020\/04\/archives_DSC0272-381_539.png);background-position:45% 21%\"><img loading=\"lazy\" width=\"381\" height=\"539\" src=\"http:\/\/wp.teteenlair.eu\/wp-content\/uploads\/2020\/04\/archives_DSC0272-381_539.png\" alt=\"\" class=\"wp-image-45\" srcset=\"https:\/\/wp.teteenlair.eu\/wp-content\/uploads\/2020\/04\/archives_DSC0272-381_539.png 381w, https:\/\/wp.teteenlair.eu\/wp-content\/uploads\/2020\/04\/archives_DSC0272-381_539-212x300.png 212w\" sizes=\"(max-width: 381px) 100vw, 381px\" \/><\/figure><div class=\"wp-block-media-text__content\">\n<p class=\"has-normal-font-size\">Nous sommes un <strong>groupe vocal<\/strong> d&rsquo;une trentaine de choristes. Nous chantons \u00e0 3 ou 4 voix mixtes sur accompagnement musical.<\/p>\n<\/div><\/div>\n\n\n\n<div class=\"wp-block-media-text alignwide has-media-on-the-right is-stacked-on-mobile is-image-fill\"><figure class=\"wp-block-media-text__media\" style=\"background-image:url(http:\/\/wp.teteenlair.eu\/wp-content\/uploads\/2020\/04\/archives_t\u00e9l\u00e9chargement-2.jpg);background-position:25% 35%\"><img loading=\"lazy\" width=\"381\" height=\"381\" src=\"http:\/\/wp.teteenlair.eu\/wp-content\/uploads\/2020\/04\/archives_t\u00e9l\u00e9chargement-2.jpg\" alt=\"\" class=\"wp-image-46\" srcset=\"https:\/\/wp.teteenlair.eu\/wp-content\/uploads\/2020\/04\/archives_t\u00e9l\u00e9chargement-2.jpg 381w, https:\/\/wp.teteenlair.eu\/wp-content\/uploads\/2020\/04\/archives_t\u00e9l\u00e9chargement-2-300x300.jpg 300w, https:\/\/wp.teteenlair.eu\/wp-content\/uploads\/2020\/04\/archives_t\u00e9l\u00e9chargement-2-150x150.jpg 150w, https:\/\/wp.teteenlair.eu\/wp-content\/uploads\/2020\/04\/archives_t\u00e9l\u00e9chargement-2-100x100.jpg 100w\" sizes=\"(max-width: 381px) 100vw, 381px\" \/><\/figure><div class=\"wp-block-media-text__content\">\n<p class=\"has-normal-font-size\"><strong>Notre r\u00e9pertoire<\/strong> : des chansons contemporaines avec des musiques rythm\u00e9es, qui swinguent, de l&rsquo;humour, des mises en sc\u00e8ne sur certaines chansons.<\/p>\n<\/div><\/div>\n\n\n\n<div class=\"wp-block-media-text alignwide is-stacked-on-mobile is-image-fill\"><figure class=\"wp-block-media-text__media\" style=\"background-image:url(http:\/\/wp.teteenlair.eu\/wp-content\/uploads\/2020\/04\/archives_site-20121124-017Norbert-1.jpg);background-position:57.99999999999999% 100%\"><img loading=\"lazy\" width=\"364\" height=\"242\" src=\"http:\/\/wp.teteenlair.eu\/wp-content\/uploads\/2020\/04\/archives_site-20121124-017Norbert-1.jpg\" alt=\"\" class=\"wp-image-342\" srcset=\"https:\/\/wp.teteenlair.eu\/wp-content\/uploads\/2020\/04\/archives_site-20121124-017Norbert-1.jpg 364w, https:\/\/wp.teteenlair.eu\/wp-content\/uploads\/2020\/04\/archives_site-20121124-017Norbert-1-300x199.jpg 300w\" sizes=\"(max-width: 364px) 100vw, 364px\" \/><\/figure><div class=\"wp-block-media-text__content\">\n<p class=\"has-normal-font-size\"><strong>Notre chef<\/strong> dynamique et talentueux, Norbert Parmentier, dirige plusieurs chorales du Loir-et-Cher.<\/p>\n<\/div><\/div>\n\n\n\n<p><\/p>\n","protected":false},"excerpt":{"rendered":"<p>Nous sommes un groupe vocal d&rsquo;une trentaine de choristes. Nous chantons \u00e0 3 ou 4 voix mixtes sur accompagnement musical. Notre r\u00e9pertoire : des chansons contemporaines avec des musiques rythm\u00e9es, qui swinguent, de l&rsquo;humour, des mises en sc\u00e8ne sur certaines chansons. Notre chef dynamique et talentueux, Norbert Parmentier, dirige plusieurs chorales du Loir-et-Cher.<\/p>\n","protected":false},"author":1,"featured_media":326,"parent":0,"menu_order":0,"comment_status":"closed","ping_status":"closed","template":"","meta":[],"_links":{"self":[{"href":"https:\/\/wp.teteenlair.eu\/index.php\/wp-json\/wp\/v2\/pages\/44"}],"collection":[{"href":"https:\/\/wp.teteenlair.eu\/index.php\/wp-json\/wp\/v2\/pages"}],"about":[{"href":"https:\/\/wp.teteenlair.eu\/index.php\/wp-json\/wp\/v2\/types\/page"}],"author":[{"embeddable":true,"href":"https:\/\/wp.teteenlair.eu\/index.php\/wp-json\/wp\/v2\/users\/1"}],"replies":[{"embeddable":true,"href":"https:\/\/wp.teteenlair.eu\/index.php\/wp-json\/wp\/v2\/comments?post=44"}],"version-history":[{"count":8,"href":"https:\/\/wp.teteenlair.eu\/index.php\/wp-json\/wp\/v2\/pages\/44\/revisions"}],"predecessor-version":[{"id":366,"href":"https:\/\/wp.teteenlair.eu\/index.php\/wp-json\/wp\/v2\/pages\/44\/revisions\/366"}],"wp:featuredmedia":[{"embeddable":true,"href":"https:\/\/wp.teteenlair.eu\/index.php\/wp-json\/wp\/v2\/media\/326"}],"wp:attachment":[{"href":"https:\/\/wp.teteenlair.eu\/index.php\/wp-json\/wp\/v2\/media?parent=44"}],"curies":[{"name":"wp","href":"https:\/\/api.w.org\/{rel}","templated":true}]}}